{"id":738,"date":"2024-09-06T09:37:17","date_gmt":"2024-09-06T09:37:17","guid":{"rendered":"https:\/\/palazzo-giovanelli.ms2.decms.eu\/?page_id=738"},"modified":"2025-01-10T16:55:41","modified_gmt":"2025-01-10T16:55:41","slug":"die-geschichte-von-murano-und-murano-glas","status":"publish","type":"page","link":"https:\/\/www.hotelpalazzogiovanelli.com\/de\/erlebnisse\/die-geschichte-von-murano-und-murano-glas\/","title":{"rendered":"Die Geschichte von Murano und Murano-Glas"},"content":{"rendered":"","protected":false},"excerpt":{"rendered":"<p>Wenn man an einem klaren Fr\u00fchlingstag die Lagune von Venedig betrachtet, k\u00f6nnte man meinen, dass Glas in Murano einen seiner vollkommensten Ausdrucksformen gefunden hat und sich dabei zun\u00e4chst von der herrlichen Transparenz und den zarten Spiegelungen des Meeres inspirieren lie\u00df.<\/p>\n","protected":false},"author":7,"featured_media":508,"parent":729,"menu_order":6,"comment_status":"closed","ping_status":"closed","template":"","meta":{"footnotes":""},"yoast_head":"<!-- This site is optimized with the Yoast SEO plugin v22.3 - https:\/\/yoast.com\/wordpress\/plugins\/seo\/ -->\n<title>Die Geschichte von Murano und Murano-Glas - Palazzo Giovanelli -<\/title>\n<meta name=\"description\" content=\".\" \/>\n<meta name=\"robots\" content=\"index, follow, max-snippet:-1, max-image-preview:large, max-video-preview:-1\" \/>\n<link rel=\"canonical\" href=\"https:\/\/www.hotelpalazzogiovanelli.com\/de\/erlebnisse\/die-geschichte-von-murano-und-murano-glas\/\" \/>\n<meta property=\"og:locale\" content=\"de_DE\" \/>\n<meta property=\"og:type\" content=\"article\" \/>\n<meta property=\"og:title\" content=\"Die Geschichte von Murano und Murano-Glas - Palazzo Giovanelli -\" \/>\n<meta property=\"og:description\" content=\".\" \/>\n<meta property=\"og:url\" content=\"https:\/\/www.hotelpalazzogiovanelli.com\/de\/erlebnisse\/die-geschichte-von-murano-und-murano-glas\/\" \/>\n<meta property=\"og:site_name\" content=\"Palazzo Giovanelli\" \/>\n<meta property=\"article:publisher\" content=\"https:\/\/www.facebook.com\/PalazzoGiovanelli\/\" \/>\n<meta property=\"article:modified_time\" content=\"2025-01-10T16:55:41+00:00\" \/>\n<meta property=\"og:image\" content=\"https:\/\/palazzo-giovanelli.ms2.decms.eu\/wp-content\/uploads\/sites\/168\/2024\/12\/salvatore-tonnara-bdmdHUkyNB0-unsplash.jpg\" \/>\n\t<meta property=\"og:image:width\" content=\"2200\" \/>\n\t<meta property=\"og:image:height\" content=\"1200\" \/>\n\t<meta property=\"og:image:type\" content=\"image\/jpeg\" \/>\n<meta name=\"twitter:card\" content=\"summary_large_image\" \/>\n<meta name=\"twitter:label1\" content=\"Gesch\u00e4tzte Lesezeit\" \/>\n\t<meta name=\"twitter:data1\" content=\"1 Minute\" \/>\n<script type=\"application\/ld+json\" class=\"yoast-schema-graph\">{\"@context\":\"https:\/\/schema.org\",\"@graph\":[{\"@type\":\"WebPage\",\"@id\":\"https:\/\/www.hotelpalazzogiovanelli.com\/de\/erlebnisse\/die-geschichte-von-murano-und-murano-glas\/\",\"url\":\"https:\/\/www.hotelpalazzogiovanelli.com\/de\/erlebnisse\/die-geschichte-von-murano-und-murano-glas\/\",\"name\":\"Die Geschichte von Murano und Murano-Glas - Palazzo Giovanelli -\",\"isPartOf\":{\"@id\":\"https:\/\/www.hotelpalazzogiovanelli.com\/de\/#website\"},\"primaryImageOfPage\":{\"@id\":\"https:\/\/www.hotelpalazzogiovanelli.com\/de\/erlebnisse\/die-geschichte-von-murano-und-murano-glas\/#primaryimage\"},\"image\":{\"@id\":\"https:\/\/www.hotelpalazzogiovanelli.com\/de\/erlebnisse\/die-geschichte-von-murano-und-murano-glas\/#primaryimage\"},\"thumbnailUrl\":\"https:\/\/palazzo-giovanelli.ms2.decms.eu\/wp-content\/uploads\/sites\/168\/2024\/12\/salvatore-tonnara-bdmdHUkyNB0-unsplash.jpg\",\"datePublished\":\"2024-09-06T09:37:17+00:00\",\"dateModified\":\"2025-01-10T16:55:41+00:00\",\"description\":\".\",\"breadcrumb\":{\"@id\":\"https:\/\/www.hotelpalazzogiovanelli.com\/de\/erlebnisse\/die-geschichte-von-murano-und-murano-glas\/#breadcrumb\"},\"inLanguage\":\"de-DE\",\"potentialAction\":[{\"@type\":\"ReadAction\",\"target\":[\"https:\/\/www.hotelpalazzogiovanelli.com\/de\/erlebnisse\/die-geschichte-von-murano-und-murano-glas\/\"]}]},{\"@type\":\"ImageObject\",\"inLanguage\":\"de-DE\",\"@id\":\"https:\/\/www.hotelpalazzogiovanelli.com\/de\/erlebnisse\/die-geschichte-von-murano-und-murano-glas\/#primaryimage\",\"url\":\"https:\/\/palazzo-giovanelli.ms2.decms.eu\/wp-content\/uploads\/sites\/168\/2024\/12\/salvatore-tonnara-bdmdHUkyNB0-unsplash.jpg\",\"contentUrl\":\"https:\/\/palazzo-giovanelli.ms2.decms.eu\/wp-content\/uploads\/sites\/168\/2024\/12\/salvatore-tonnara-bdmdHUkyNB0-unsplash.jpg\",\"width\":2200,\"height\":1200},{\"@type\":\"BreadcrumbList\",\"@id\":\"https:\/\/www.hotelpalazzogiovanelli.com\/de\/erlebnisse\/die-geschichte-von-murano-und-murano-glas\/#breadcrumb\",\"itemListElement\":[{\"@type\":\"ListItem\",\"position\":1,\"name\":\"Home\",\"item\":\"https:\/\/www.hotelpalazzogiovanelli.com\/de\/\"},{\"@type\":\"ListItem\",\"position\":2,\"name\":\"Erlebnisse\",\"item\":\"https:\/\/www.hotelpalazzogiovanelli.com\/de\/erlebnisse\/\"},{\"@type\":\"ListItem\",\"position\":3,\"name\":\"Die Geschichte von Murano und Murano-Glas\"}]},{\"@type\":\"WebSite\",\"@id\":\"https:\/\/www.hotelpalazzogiovanelli.com\/de\/#website\",\"url\":\"https:\/\/www.hotelpalazzogiovanelli.com\/de\/\",\"name\":\"Palazzo Giovanelli\",\"description\":\"\",\"potentialAction\":[{\"@type\":\"SearchAction\",\"target\":{\"@type\":\"EntryPoint\",\"urlTemplate\":\"https:\/\/www.hotelpalazzogiovanelli.com\/de\/?s={search_term_string}\"},\"query-input\":\"required name=search_term_string\"}],\"inLanguage\":\"de-DE\"}]}<\/script>\n<!-- \/ Yoast SEO plugin. -->","yoast_head_json":{"title":"Die Geschichte von Murano und Murano-Glas - Palazzo Giovanelli -","description":".","robots":{"index":"index","follow":"follow","max-snippet":"max-snippet:-1","max-image-preview":"max-image-preview:large","max-video-preview":"max-video-preview:-1"},"canonical":"https:\/\/www.hotelpalazzogiovanelli.com\/de\/erlebnisse\/die-geschichte-von-murano-und-murano-glas\/","og_locale":"de_DE","og_type":"article","og_title":"Die Geschichte von Murano und Murano-Glas - Palazzo Giovanelli -","og_description":".","og_url":"https:\/\/www.hotelpalazzogiovanelli.com\/de\/erlebnisse\/die-geschichte-von-murano-und-murano-glas\/","og_site_name":"Palazzo Giovanelli","article_publisher":"https:\/\/www.facebook.com\/PalazzoGiovanelli\/","article_modified_time":"2025-01-10T16:55:41+00:00","og_image":[{"width":2200,"height":1200,"url":"https:\/\/palazzo-giovanelli.ms2.decms.eu\/wp-content\/uploads\/sites\/168\/2024\/12\/salvatore-tonnara-bdmdHUkyNB0-unsplash.jpg","type":"image\/jpeg"}],"twitter_card":"summary_large_image","twitter_misc":{"Gesch\u00e4tzte Lesezeit":"1 Minute"},"schema":{"@context":"https:\/\/schema.org","@graph":[{"@type":"WebPage","@id":"https:\/\/www.hotelpalazzogiovanelli.com\/de\/erlebnisse\/die-geschichte-von-murano-und-murano-glas\/","url":"https:\/\/www.hotelpalazzogiovanelli.com\/de\/erlebnisse\/die-geschichte-von-murano-und-murano-glas\/","name":"Die Geschichte von Murano und Murano-Glas - Palazzo Giovanelli -","isPartOf":{"@id":"https:\/\/www.hotelpalazzogiovanelli.com\/de\/#website"},"primaryImageOfPage":{"@id":"https:\/\/www.hotelpalazzogiovanelli.com\/de\/erlebnisse\/die-geschichte-von-murano-und-murano-glas\/#primaryimage"},"image":{"@id":"https:\/\/www.hotelpalazzogiovanelli.com\/de\/erlebnisse\/die-geschichte-von-murano-und-murano-glas\/#primaryimage"},"thumbnailUrl":"https:\/\/palazzo-giovanelli.ms2.decms.eu\/wp-content\/uploads\/sites\/168\/2024\/12\/salvatore-tonnara-bdmdHUkyNB0-unsplash.jpg","datePublished":"2024-09-06T09:37:17+00:00","dateModified":"2025-01-10T16:55:41+00:00","description":".","breadcrumb":{"@id":"https:\/\/www.hotelpalazzogiovanelli.com\/de\/erlebnisse\/die-geschichte-von-murano-und-murano-glas\/#breadcrumb"},"inLanguage":"de-DE","potentialAction":[{"@type":"ReadAction","target":["https:\/\/www.hotelpalazzogiovanelli.com\/de\/erlebnisse\/die-geschichte-von-murano-und-murano-glas\/"]}]},{"@type":"ImageObject","inLanguage":"de-DE","@id":"https:\/\/www.hotelpalazzogiovanelli.com\/de\/erlebnisse\/die-geschichte-von-murano-und-murano-glas\/#primaryimage","url":"https:\/\/palazzo-giovanelli.ms2.decms.eu\/wp-content\/uploads\/sites\/168\/2024\/12\/salvatore-tonnara-bdmdHUkyNB0-unsplash.jpg","contentUrl":"https:\/\/palazzo-giovanelli.ms2.decms.eu\/wp-content\/uploads\/sites\/168\/2024\/12\/salvatore-tonnara-bdmdHUkyNB0-unsplash.jpg","width":2200,"height":1200},{"@type":"BreadcrumbList","@id":"https:\/\/www.hotelpalazzogiovanelli.com\/de\/erlebnisse\/die-geschichte-von-murano-und-murano-glas\/#breadcrumb","itemListElement":[{"@type":"ListItem","position":1,"name":"Home","item":"https:\/\/www.hotelpalazzogiovanelli.com\/de\/"},{"@type":"ListItem","position":2,"name":"Erlebnisse","item":"https:\/\/www.hotelpalazzogiovanelli.com\/de\/erlebnisse\/"},{"@type":"ListItem","position":3,"name":"Die Geschichte von Murano und Murano-Glas"}]},{"@type":"WebSite","@id":"https:\/\/www.hotelpalazzogiovanelli.com\/de\/#website","url":"https:\/\/www.hotelpalazzogiovanelli.com\/de\/","name":"Palazzo Giovanelli","description":"","potentialAction":[{"@type":"SearchAction","target":{"@type":"EntryPoint","urlTemplate":"https:\/\/www.hotelpalazzogiovanelli.com\/de\/?s={search_term_string}"},"query-input":"required name=search_term_string"}],"inLanguage":"de-DE"}]}},"acf":[],"_links":{"self":[{"href":"https:\/\/www.hotelpalazzogiovanelli.com\/de\/wp-json\/wp\/v2\/pages\/738"}],"collection":[{"href":"https:\/\/www.hotelpalazzogiovanelli.com\/de\/wp-json\/wp\/v2\/pages"}],"about":[{"href":"https:\/\/www.hotelpalazzogiovanelli.com\/de\/wp-json\/wp\/v2\/types\/page"}],"author":[{"embeddable":true,"href":"https:\/\/www.hotelpalazzogiovanelli.com\/de\/wp-json\/wp\/v2\/users\/7"}],"replies":[{"embeddable":true,"href":"https:\/\/www.hotelpalazzogiovanelli.com\/de\/wp-json\/wp\/v2\/comments?post=738"}],"version-history":[{"count":0,"href":"https:\/\/www.hotelpalazzogiovanelli.com\/de\/wp-json\/wp\/v2\/pages\/738\/revisions"}],"up":[{"embeddable":true,"href":"https:\/\/www.hotelpalazzogiovanelli.com\/de\/wp-json\/wp\/v2\/pages\/729"}],"wp:featuredmedia":[{"embeddable":true,"href":"https:\/\/www.hotelpalazzogiovanelli.com\/de\/wp-json\/wp\/v2\/media\/508"}],"wp:attachment":[{"href":"https:\/\/www.hotelpalazzogiovanelli.com\/de\/wp-json\/wp\/v2\/media?parent=738"}],"curies":[{"name":"wp","href":"https:\/\/api.w.org\/{rel}","templated":true}]}}